{"id":288,"date":"2023-11-06T11:55:35","date_gmt":"2023-11-06T10:55:35","guid":{"rendered":"https:\/\/ywamcanarias.org\/?page_id=288"},"modified":"2025-10-31T18:13:37","modified_gmt":"2025-10-31T18:13:37","slug":"oportunidades","status":"publish","type":"page","link":"https:\/\/ywamcanarias.org\/en\/oportunidades\/","title":{"rendered":"Opportunities"},"content":{"rendered":"<p>As a pioneer base we are always in the process of launching new efforts and finding new ways to minister here in the Canary Islands. We have some programs in their beginnings, as well as dreams for the future. There are so many ways to serve and get involved in the Island, and we view ourselves as a bridge or platform for those looking for opportunity!<\/p>\n\n\n\n<p>As part of YWAM we post and update opportunities in the Global Webpage of our mission. You can find more information about opportunities here in the Canary Islands and around the world clicking the button below.<\/p>\n\n\n\n<div class=\"wp-block-buttons is-content-justification-center is-layout-flex wp-container-core-buttons-layout-1 wp-block-buttons-is-layout-flex\">\n<div class=\"wp-block-button is-style-outline\"><a class=\"wp-block-button__link has-text-align-center wp-element-button\" href=\"https:\/\/ywam.org\/location\/ywam-canarias\/b-2550\">More Information<\/a><\/div>\n<\/div>\n\n\n\n<h3 class=\"wp-block-heading\">Hechos En Canarias<\/h3>\n\n\n\n<div class=\"wp-block-media-text is-stacked-on-mobile\"><figure class=\"wp-block-media-text__media\"><img loading=\"lazy\" decoding=\"async\" width=\"1024\" height=\"768\" src=\"https:\/\/ywamcanarias.org\/wp-content\/uploads\/2024\/06\/IMG-20240622-WA0011-1024x768.jpg\" alt=\"\" class=\"wp-image-531 size-full\" srcset=\"https:\/\/ywamcanarias.org\/wp-content\/uploads\/2024\/06\/IMG-20240622-WA0011-1024x768.jpg 1024w, https:\/\/ywamcanarias.org\/wp-content\/uploads\/2024\/06\/IMG-20240622-WA0011-300x225.jpg 300w, https:\/\/ywamcanarias.org\/wp-content\/uploads\/2024\/06\/IMG-20240622-WA0011-768x576.jpg 768w, https:\/\/ywamcanarias.org\/wp-content\/uploads\/2024\/06\/IMG-20240622-WA0011-1536x1152.jpg 1536w, https:\/\/ywamcanarias.org\/wp-content\/uploads\/2024\/06\/IMG-20240622-WA0011-16x12.jpg 16w, https:\/\/ywamcanarias.org\/wp-content\/uploads\/2024\/06\/IMG-20240622-WA0011-400x300.jpg 400w, https:\/\/ywamcanarias.org\/wp-content\/uploads\/2024\/06\/IMG-20240622-WA0011.jpg 1600w\" sizes=\"(max-width: 1024px) 100vw, 1024px\" \/><\/figure><div class=\"wp-block-media-text__content\">\n<p>\u00abHechos en Canarias\u00bb es un nuevo programa que estamos lanzando aqu\u00ed en las Islas Canarias. Queremos ver a los residentes de las Islas Canarias con corazones ardientes para alcanzar a los perdidos. Queremos ver un movimiento de Dios en Espa\u00f1a y Europa, y creemos que eso comienza justo aqu\u00ed. El objetivo es poder ofrecer entrenamientos y viajes a lo largo de todo el a\u00f1o.<\/p>\n\n\n\n<p>Si eres una iglesia o una persona interesada en involucrarte, por favor cont\u00e1ctanos para conectarnos. \u00a1El avivamiento en las Islas Canarias comienza con y necesita a los residentes de las Islas Canarias!<\/p>\n\n\n\n<div class=\"wp-block-buttons is-content-justification-center is-layout-flex wp-container-core-buttons-layout-2 wp-block-buttons-is-layout-flex\">\n<div class=\"wp-block-button is-style-outline\"><a class=\"wp-block-button__link wp-element-button\" href=\"https:\/\/ywamcanarias.org\/hechos-en-canarias\/\">More Information<\/a><\/div>\n<\/div>\n<\/div><\/div>\n\n\n\n<hr class=\"wp-block-separator has-alpha-channel-opacity is-style-dots\"\/>\n\n\n\n<h3 class=\"wp-block-heading\">Future Ministries<\/h3>\n\n\n\n<div class=\"wp-block-media-text has-media-on-the-right is-stacked-on-mobile\"><div class=\"wp-block-media-text__content\">\n<p>The Canary Islands is a beautiful group of Islands with stunning landscapes and very welcoming residents, but like all places it has its own set of unique needs. As a base we have a heart for mercy ministries, of finding ways to see the Kingdom of God come and meet people in their felt-needs and transform society. The Canary Islands is home to poverty, human trafficking\/prostitution, and is often in the news for the large amount of refugees and immigration that look to pass through on their way to the mainland. These are just a few of the issues affecting the Islands that we hope to one day serve and mobilize efforts to impact.<\/p>\n\n\n\n<p>As well, our team as a passion for the arts and sports. We have different artists and athletes on staff here hoping to make an impact through their passions. We believe God has given us gifts so that we can use them for His glory and to reach others with the good news of the gospel of Jesus Christ. We hope to expand our efforts in these areas, as we have been offering different workshops, conferences, and outreaches.<\/p>\n<\/div><figure class=\"wp-block-media-text__media\"><img loading=\"lazy\" decoding=\"async\" width=\"1024\" height=\"768\" src=\"https:\/\/ywamcanarias.org\/wp-content\/uploads\/2024\/05\/Alabanza7-1024x768.jpg\" alt=\"\" class=\"wp-image-497 size-full\" srcset=\"https:\/\/ywamcanarias.org\/wp-content\/uploads\/2024\/05\/Alabanza7-1024x768.jpg 1024w, https:\/\/ywamcanarias.org\/wp-content\/uploads\/2024\/05\/Alabanza7-300x225.jpg 300w, https:\/\/ywamcanarias.org\/wp-content\/uploads\/2024\/05\/Alabanza7-768x576.jpg 768w, https:\/\/ywamcanarias.org\/wp-content\/uploads\/2024\/05\/Alabanza7-1536x1152.jpg 1536w, https:\/\/ywamcanarias.org\/wp-content\/uploads\/2024\/05\/Alabanza7-2048x1536.jpg 2048w, https:\/\/ywamcanarias.org\/wp-content\/uploads\/2024\/05\/Alabanza7-16x12.jpg 16w, https:\/\/ywamcanarias.org\/wp-content\/uploads\/2024\/05\/Alabanza7-400x300.jpg 400w\" sizes=\"(max-width: 1024px) 100vw, 1024px\" \/><\/figure><\/div>\n\n\n\n<hr class=\"wp-block-separator has-alpha-channel-opacity is-style-dots\"\/>\n\n\n\n<p>If you as an individual, church, or team have interest in serving here in the Canary Islands, in any of the areas mentioned above or in different ways, please let us know. We'd love to consider how we can serve together, help with connections, and see the Kingdom come here in the Islands. As well, for those who feel called to serve in the Island long-term, we have the DTS coming next year for those who would like to serve through YWAM with us.<\/p>\n\n\n\n<div class=\"wp-block-buttons is-content-justification-center is-layout-flex wp-container-core-buttons-layout-3 wp-block-buttons-is-layout-flex\">\n<div class=\"wp-block-button is-style-outline\"><a class=\"wp-block-button__link wp-element-button\" href=\"https:\/\/ywamcanarias.org\/politica-privacidad\/\">Contact Us<\/a><\/div>\n<\/div>","protected":false},"excerpt":{"rendered":"<p>Como base pionera, siempre estamos en proceso de lanzar nuevos esfuerzos y encontrar nuevas formas de ministrar aqu\u00ed en las Islas Canarias. Tenemos algunos programas &hellip;<\/p>","protected":false},"author":1,"featured_media":544,"parent":0,"menu_order":0,"comment_status":"closed","ping_status":"closed","template":"","meta":{"footnotes":""},"jetpack_sharing_enabled":true,"_links":{"self":[{"href":"https:\/\/ywamcanarias.org\/en\/wp-json\/wp\/v2\/pages\/288"}],"collection":[{"href":"https:\/\/ywamcanarias.org\/en\/wp-json\/wp\/v2\/pages"}],"about":[{"href":"https:\/\/ywamcanarias.org\/en\/wp-json\/wp\/v2\/types\/page"}],"author":[{"embeddable":true,"href":"https:\/\/ywamcanarias.org\/en\/wp-json\/wp\/v2\/users\/1"}],"replies":[{"embeddable":true,"href":"https:\/\/ywamcanarias.org\/en\/wp-json\/wp\/v2\/comments?post=288"}],"version-history":[{"count":18,"href":"https:\/\/ywamcanarias.org\/en\/wp-json\/wp\/v2\/pages\/288\/revisions"}],"predecessor-version":[{"id":659,"href":"https:\/\/ywamcanarias.org\/en\/wp-json\/wp\/v2\/pages\/288\/revisions\/659"}],"wp:featuredmedia":[{"embeddable":true,"href":"https:\/\/ywamcanarias.org\/en\/wp-json\/wp\/v2\/media\/544"}],"wp:attachment":[{"href":"https:\/\/ywamcanarias.org\/en\/wp-json\/wp\/v2\/media?parent=288"}],"curies":[{"name":"wp","href":"https:\/\/api.w.org\/{rel}","templated":true}]}}