{"id":459,"date":"2024-01-22T20:10:23","date_gmt":"2024-01-22T20:10:23","guid":{"rendered":"https:\/\/ywamcanarias.org\/?page_id=459"},"modified":"2025-03-17T16:46:35","modified_gmt":"2025-03-17T16:46:35","slug":"ede-metamorphosis","status":"publish","type":"page","link":"https:\/\/ywamcanarias.org\/en\/ede-metamorphosis\/","title":{"rendered":"EDE de 2026"},"content":{"rendered":"<h3 class=\"wp-block-heading\">DTS Upcoming<\/h3>\n\n\n\n<p>Lord willing we will be offering our next DTS the coming year (2026) and will be annoucncing dates soon. Please stay tuned for more information, and let us know if you are interested in being notified when the DTS dates are announced.<\/p>\n\n\n\n<p>The DTS is a place where we can go deep with God, allowing Him to reveal to us more of Himself and more of who we are too. It will be a time of discovery, exploring the character and nature of God, and helping others around the world to know their Savior and Lord, Jesus Christ, and to enter into His Kingdom and their calling.<\/p>\n\n\n\n<figure class=\"wp-block-gallery has-nested-images columns-default is-cropped wp-block-gallery-1 is-layout-flex wp-block-gallery-is-layout-flex\">\n<figure class=\"wp-block-image size-large\"><img loading=\"lazy\" decoding=\"async\" width=\"1024\" height=\"683\" data-id=\"463\" src=\"https:\/\/ywamcanarias.org\/wp-content\/uploads\/2024\/01\/IMG_7028-1024x683.jpg\" alt=\"\" class=\"wp-image-463\" srcset=\"https:\/\/ywamcanarias.org\/wp-content\/uploads\/2024\/01\/IMG_7028-1024x683.jpg 1024w, https:\/\/ywamcanarias.org\/wp-content\/uploads\/2024\/01\/IMG_7028-300x200.jpg 300w, https:\/\/ywamcanarias.org\/wp-content\/uploads\/2024\/01\/IMG_7028-768x512.jpg 768w, https:\/\/ywamcanarias.org\/wp-content\/uploads\/2024\/01\/IMG_7028-1536x1024.jpg 1536w, https:\/\/ywamcanarias.org\/wp-content\/uploads\/2024\/01\/IMG_7028-2048x1365.jpg 2048w, https:\/\/ywamcanarias.org\/wp-content\/uploads\/2024\/01\/IMG_7028-18x12.jpg 18w, https:\/\/ywamcanarias.org\/wp-content\/uploads\/2024\/01\/IMG_7028-450x300.jpg 450w\" sizes=\"(max-width: 1024px) 100vw, 1024px\" \/><figcaption class=\"wp-element-caption\"> New Cultures<\/figcaption><\/figure>\n\n\n\n<figure class=\"wp-block-image size-large\"><img loading=\"lazy\" decoding=\"async\" width=\"768\" height=\"1024\" data-id=\"464\" src=\"https:\/\/ywamcanarias.org\/wp-content\/uploads\/2024\/01\/IMG_20191211_132310-768x1024.jpg\" alt=\"\" class=\"wp-image-464\" srcset=\"https:\/\/ywamcanarias.org\/wp-content\/uploads\/2024\/01\/IMG_20191211_132310-768x1024.jpg 768w, https:\/\/ywamcanarias.org\/wp-content\/uploads\/2024\/01\/IMG_20191211_132310-225x300.jpg 225w, https:\/\/ywamcanarias.org\/wp-content\/uploads\/2024\/01\/IMG_20191211_132310-1152x1536.jpg 1152w, https:\/\/ywamcanarias.org\/wp-content\/uploads\/2024\/01\/IMG_20191211_132310-1536x2048.jpg 1536w, https:\/\/ywamcanarias.org\/wp-content\/uploads\/2024\/01\/IMG_20191211_132310-9x12.jpg 9w, https:\/\/ywamcanarias.org\/wp-content\/uploads\/2024\/01\/IMG_20191211_132310-scaled.jpg 1920w\" sizes=\"(max-width: 768px) 100vw, 768px\" \/><figcaption class=\"wp-element-caption\">Bible Studies<\/figcaption><\/figure>\n\n\n\n<figure class=\"wp-block-image size-large\"><img loading=\"lazy\" decoding=\"async\" width=\"1024\" height=\"768\" data-id=\"478\" src=\"https:\/\/ywamcanarias.org\/wp-content\/uploads\/2024\/02\/IMG_0733-1024x768.jpeg\" alt=\"\" class=\"wp-image-478\" srcset=\"https:\/\/ywamcanarias.org\/wp-content\/uploads\/2024\/02\/IMG_0733-1024x768.jpeg 1024w, https:\/\/ywamcanarias.org\/wp-content\/uploads\/2024\/02\/IMG_0733-300x225.jpeg 300w, https:\/\/ywamcanarias.org\/wp-content\/uploads\/2024\/02\/IMG_0733-768x576.jpeg 768w, https:\/\/ywamcanarias.org\/wp-content\/uploads\/2024\/02\/IMG_0733-1536x1152.jpeg 1536w, https:\/\/ywamcanarias.org\/wp-content\/uploads\/2024\/02\/IMG_0733-2048x1536.jpeg 2048w, https:\/\/ywamcanarias.org\/wp-content\/uploads\/2024\/02\/IMG_0733-16x12.jpeg 16w, https:\/\/ywamcanarias.org\/wp-content\/uploads\/2024\/02\/IMG_0733-400x300.jpeg 400w\" sizes=\"(max-width: 1024px) 100vw, 1024px\" \/><figcaption class=\"wp-element-caption\">Small Groups<\/figcaption><\/figure>\n\n\n\n<figure class=\"wp-block-image size-large\"><img loading=\"lazy\" decoding=\"async\" width=\"1000\" height=\"667\" data-id=\"469\" src=\"https:\/\/ywamcanarias.org\/wp-content\/uploads\/2024\/01\/Copy-of-IMG_0290.jpg\" alt=\"\" class=\"wp-image-469\" srcset=\"https:\/\/ywamcanarias.org\/wp-content\/uploads\/2024\/01\/Copy-of-IMG_0290.jpg 1000w, https:\/\/ywamcanarias.org\/wp-content\/uploads\/2024\/01\/Copy-of-IMG_0290-300x200.jpg 300w, https:\/\/ywamcanarias.org\/wp-content\/uploads\/2024\/01\/Copy-of-IMG_0290-768x512.jpg 768w, https:\/\/ywamcanarias.org\/wp-content\/uploads\/2024\/01\/Copy-of-IMG_0290-18x12.jpg 18w, https:\/\/ywamcanarias.org\/wp-content\/uploads\/2024\/01\/Copy-of-IMG_0290-450x300.jpg 450w\" sizes=\"(max-width: 1000px) 100vw, 1000px\" \/><figcaption class=\"wp-element-caption\">Testimonies<\/figcaption><\/figure>\n<\/figure>\n\n\n\n<div style=\"height:51px\" aria-hidden=\"true\" class=\"wp-block-spacer\"><\/div>\n\n\n\n<p>Evangelism, small groups, classes, international missions, and so much more. A DTS is packed full of new experiences to help you grow closer in your walk with Jesus, and empower you to share the love of God with those around you. Now is the time to set aside time to Know God and Make Him Known! Check out some testimonies from our staff about the impact their DTS had on their walk with God. We are confident that you too will leave with testimonies of a before and after in your life, ready to share what you have learned with the nations! What are you waiting for? Apply today, more details below.<\/p>\n\n\n\n<div style=\"height:51px\" aria-hidden=\"true\" class=\"wp-block-spacer\"><\/div>\n\n\n\n<figure class=\"wp-block-gallery has-nested-images columns-default is-cropped wp-block-gallery-2 is-layout-flex wp-block-gallery-is-layout-flex\">\n<figure class=\"wp-block-image size-large\"><img loading=\"lazy\" decoding=\"async\" width=\"1024\" height=\"577\" data-id=\"468\" src=\"https:\/\/ywamcanarias.org\/wp-content\/uploads\/2024\/01\/Copy-of-f70f744c-3b12-4852-a9c8-77b14199ba64-1024x577.jpg\" alt=\"\" class=\"wp-image-468\" srcset=\"https:\/\/ywamcanarias.org\/wp-content\/uploads\/2024\/01\/Copy-of-f70f744c-3b12-4852-a9c8-77b14199ba64-1024x577.jpg 1024w, https:\/\/ywamcanarias.org\/wp-content\/uploads\/2024\/01\/Copy-of-f70f744c-3b12-4852-a9c8-77b14199ba64-300x169.jpg 300w, https:\/\/ywamcanarias.org\/wp-content\/uploads\/2024\/01\/Copy-of-f70f744c-3b12-4852-a9c8-77b14199ba64-768x433.jpg 768w, https:\/\/ywamcanarias.org\/wp-content\/uploads\/2024\/01\/Copy-of-f70f744c-3b12-4852-a9c8-77b14199ba64-18x10.jpg 18w, https:\/\/ywamcanarias.org\/wp-content\/uploads\/2024\/01\/Copy-of-f70f744c-3b12-4852-a9c8-77b14199ba64-496x279.jpg 496w, https:\/\/ywamcanarias.org\/wp-content\/uploads\/2024\/01\/Copy-of-f70f744c-3b12-4852-a9c8-77b14199ba64.jpg 1280w\" sizes=\"(max-width: 1024px) 100vw, 1024px\" \/><figcaption class=\"wp-element-caption\">Evangelism<\/figcaption><\/figure>\n\n\n\n<figure class=\"wp-block-image size-large\"><img loading=\"lazy\" decoding=\"async\" width=\"768\" height=\"1024\" data-id=\"465\" src=\"https:\/\/ywamcanarias.org\/wp-content\/uploads\/2024\/01\/IMG_20191224_103528-768x1024.jpg\" alt=\"\" class=\"wp-image-465\" srcset=\"https:\/\/ywamcanarias.org\/wp-content\/uploads\/2024\/01\/IMG_20191224_103528-768x1024.jpg 768w, https:\/\/ywamcanarias.org\/wp-content\/uploads\/2024\/01\/IMG_20191224_103528-225x300.jpg 225w, https:\/\/ywamcanarias.org\/wp-content\/uploads\/2024\/01\/IMG_20191224_103528-1152x1536.jpg 1152w, https:\/\/ywamcanarias.org\/wp-content\/uploads\/2024\/01\/IMG_20191224_103528-1536x2048.jpg 1536w, https:\/\/ywamcanarias.org\/wp-content\/uploads\/2024\/01\/IMG_20191224_103528-9x12.jpg 9w, https:\/\/ywamcanarias.org\/wp-content\/uploads\/2024\/01\/IMG_20191224_103528-scaled.jpg 1920w\" sizes=\"(max-width: 768px) 100vw, 768px\" \/><figcaption class=\"wp-element-caption\">Alone Time with God<\/figcaption><\/figure>\n\n\n\n<figure class=\"wp-block-image size-large\"><img loading=\"lazy\" decoding=\"async\" width=\"1024\" height=\"1024\" data-id=\"462\" src=\"https:\/\/ywamcanarias.org\/wp-content\/uploads\/2024\/01\/IMG_1977-1024x1024.jpg\" alt=\"\" class=\"wp-image-462\" srcset=\"https:\/\/ywamcanarias.org\/wp-content\/uploads\/2024\/01\/IMG_1977-1024x1024.jpg 1024w, https:\/\/ywamcanarias.org\/wp-content\/uploads\/2024\/01\/IMG_1977-300x300.jpg 300w, https:\/\/ywamcanarias.org\/wp-content\/uploads\/2024\/01\/IMG_1977-150x150.jpg 150w, https:\/\/ywamcanarias.org\/wp-content\/uploads\/2024\/01\/IMG_1977-768x768.jpg 768w, https:\/\/ywamcanarias.org\/wp-content\/uploads\/2024\/01\/IMG_1977-1536x1536.jpg 1536w, https:\/\/ywamcanarias.org\/wp-content\/uploads\/2024\/01\/IMG_1977-2048x2048.jpg 2048w, https:\/\/ywamcanarias.org\/wp-content\/uploads\/2024\/01\/IMG_1977-12x12.jpg 12w\" sizes=\"(max-width: 1024px) 100vw, 1024px\" \/><figcaption class=\"wp-element-caption\">Mission Trip<\/figcaption><\/figure>\n<\/figure>\n\n\n\n<div style=\"height:51px\" aria-hidden=\"true\" class=\"wp-block-spacer\"><\/div>\n\n\n\n<div class=\"wp-block-buttons is-content-justification-center is-layout-flex wp-container-core-buttons-layout-1 wp-block-buttons-is-layout-flex\">\n<div class=\"wp-block-button is-style-outline\"><a class=\"wp-block-button__link wp-element-button\" href=\"https:\/\/ywamcanarias.org\/testimonios\/\" target=\"_blank\" rel=\"noreferrer noopener\">Testimonies<\/a><\/div>\n<\/div>\n\n\n\n<h4 class=\"wp-block-heading\">Dates<\/h4>\n\n\n\n<p>Lecture Phase: TBD<\/p>\n\n\n\n<p>Outreach: TBD<\/p>\n\n\n\n<h4 class=\"wp-block-heading\">Prices<\/h4>\n\n\n\n<p>Lecture Phase: TBD<\/p>\n\n\n\n<p>Outreach: ~2000 euros *with possible changes depending on the outreach location(s)*<\/p>\n\n\n\n<p>Languages: English and\/or Spanish<\/p>\n\n\n\n<p>As well, there is a 50 euro inscription fee. We do not believe that finances should be an obstacle. Let us know about your financial challenges.<\/p>\n\n\n\n<p><a href=\"https:\/\/ywamcanarias.org\/politica-privacidad\/\" data-type=\"link\" data-id=\"https:\/\/ywamcanarias.org\/politica-privacidad\/\">Contact us<\/a> for more information or with any doubts.<\/p>\n\n\n\n<div class=\"wp-block-buttons is-content-justification-center is-layout-flex wp-container-core-buttons-layout-2 wp-block-buttons-is-layout-flex\">\n<div class=\"wp-block-button is-style-outline\"><a class=\"wp-block-button__link wp-element-button\" href=\"https:\/\/ywamcanarias.org\/politica-privacidad\/\">APPLY<\/a><\/div>\n<\/div>","protected":false},"excerpt":{"rendered":"<p>EDE Proxima Si Dios quiere, estaremos ofreciendo nuestra pr\u00f3xima EDE el pr\u00f3ximo a\u00f1o (2026) y anunciaremos las fechas pronto. Por favor, mantente atento para m\u00e1s &hellip;<\/p>","protected":false},"author":1,"featured_media":545,"parent":0,"menu_order":0,"comment_status":"closed","ping_status":"closed","template":"","meta":{"footnotes":""},"jetpack_sharing_enabled":true,"_links":{"self":[{"href":"https:\/\/ywamcanarias.org\/en\/wp-json\/wp\/v2\/pages\/459"}],"collection":[{"href":"https:\/\/ywamcanarias.org\/en\/wp-json\/wp\/v2\/pages"}],"about":[{"href":"https:\/\/ywamcanarias.org\/en\/wp-json\/wp\/v2\/types\/page"}],"author":[{"embeddable":true,"href":"https:\/\/ywamcanarias.org\/en\/wp-json\/wp\/v2\/users\/1"}],"replies":[{"embeddable":true,"href":"https:\/\/ywamcanarias.org\/en\/wp-json\/wp\/v2\/comments?post=459"}],"version-history":[{"count":18,"href":"https:\/\/ywamcanarias.org\/en\/wp-json\/wp\/v2\/pages\/459\/revisions"}],"predecessor-version":[{"id":590,"href":"https:\/\/ywamcanarias.org\/en\/wp-json\/wp\/v2\/pages\/459\/revisions\/590"}],"wp:featuredmedia":[{"embeddable":true,"href":"https:\/\/ywamcanarias.org\/en\/wp-json\/wp\/v2\/media\/545"}],"wp:attachment":[{"href":"https:\/\/ywamcanarias.org\/en\/wp-json\/wp\/v2\/media?parent=459"}],"curies":[{"name":"wp","href":"https:\/\/api.w.org\/{rel}","templated":true}]}}