{"id":514,"date":"2024-05-03T17:50:17","date_gmt":"2024-05-03T16:50:17","guid":{"rendered":"https:\/\/ywamcanarias.org\/?page_id=514"},"modified":"2024-05-03T17:50:19","modified_gmt":"2024-05-03T16:50:19","slug":"politica-de-privacidad","status":"publish","type":"page","link":"https:\/\/ywamcanarias.org\/en\/politica-de-privacidad\/","title":{"rendered":"Pol\u00edtica de Privacidad"},"content":{"rendered":"<ol>\n<li>INFORMACI\u00d3N AL USUARIO<br>JUVENTUD CON UNA MISI\u00d3N CANARIAS en adelante RESPONSABLE, es el Responsable del tratamiento de los<br>datos personales del Usuario y le informa que estos datos ser\u00e1n tratados de conformidad con lo dispuesto<br>en el Reglamento (UE) 2016\/679 de 27 de abril (GDPR) y la Ley Org\u00e1nica 3\/2018 de 5 de diciembre<br>(LOPDGDD), por lo que se le facilita la siguiente informaci\u00f3n del tratamiento:<br>FINES DEL TRATAMIENTO:<br>Actividades inherentes al desarrollo de la actividad realizada por JUVENTUD CON UNA MISI\u00d3N CANARIAS. En<br>el caso de que el Responsable del Tratamiento proyecte el tratamiento ulterior distinto, proporcionar\u00e1 al<br>interesado, con anterioridad a dicho tratamiento ulterior, informaci\u00f3n sobre ese otro fin y cualquier<br>informaci\u00f3n adicional. Los datos no ser\u00e1n tratados de manera incompatible con dichos fines; el<br>tratamiento ulterior de los datos personales con fines de archivo en inter\u00e9s p\u00fablico, fines de investigaci\u00f3n<br>cient\u00edfica e hist\u00f3rica o fines estad\u00edsticos no se considerar\u00e1 incompatible con los fines iniciales.<br>Los datos personales no ser\u00e1n utilizados para tratamientos automatizados para elaboraci\u00f3n de perfiles ni<br>se utilizar\u00e1n para tomar ninguna decisi\u00f3n basada \u00fanicamente en el tratamiento automatizado, incluida la<br>elaboraci\u00f3n de perfiles.<br>PLAZO DE CONSERVACI\u00d3N:<br>Los datos ser\u00e1n mantenidos durante el tiempo que sea necesario para los fines del tratamiento<br>autorizados.<br>LEGITIMACI\u00d3N:<br>Consentimiento interesado y tratamiento necesario para llevar a cabo la gesti\u00f3n encomendada. Base<br>jur\u00eddica del tratamiento: Art. 9.2.a y Art.6.1 a y b RGPD<br>DESTINATARIOS:<br>Cesi\u00f3n de datos previstas:<br>Solo se ceder\u00e1n los datos del interesado por obligaci\u00f3n legal o por motivos relacionados con el servicio<br>ofrecido por JUVENTUD CON UNA MISI\u00d3N CANARIAS mediante un contrato de Prestaci\u00f3n de Servicios con el<br>Encargado del Tratamiento.<br>Trasferencia a terceros pa\u00edses:<br>No se prev\u00e9 transferir datos personales a terceros pa\u00edses ni a organizaciones internacionales. En el caso<br>de que el Responsable del Tratamiento prevea la transmisi\u00f3n de sus datos personales a terceros pa\u00edses<br>deber\u00e1 comunicarlo al interesado con anterioridad.<br>DERECHOS:<br>Derecho a retirar el consentimiento y derechos de acceso, rectificaci\u00f3n, supresi\u00f3n, limitaci\u00f3n, oposici\u00f3n<br>y portabilidad de los datos.<br>C\u00d3MO EJERCER SUS DERECHOS:<br>Puede ejercer los derechos de acceso, rectificaci\u00f3n, supresi\u00f3n, limitaci\u00f3n, oposici\u00f3n y portabilidad de los<br>datos, dirigi\u00e9ndose al responsable del tratamiento en Calle Pizzaro, 9, Las Palmas De Gran Canaria, 35010, Las Palmas,<br>ywamcanarias@jcum.com<br>JUVENTUD CON UNA MISI\u00d3N CANARIAS<br>JUVENTUD CON UNA MISI\u00d3N CANARIAS<br>Calle Pizzaro, 9, Las Palmas De Gran Canaria, 35010, Las Palmas<br>DERECHO A RETIRAR EL CONSENTIMIENTO PRESTADO:<br>La retirada del consentimiento no afectar\u00e1 a la licitud del tratamiento basada en el consentimiento previo<br>a su retirada.<br>DERECHO A RECLAMAR ANTE LA AUTORIDAD DE CONTROL correspondiente (AEPD)<br>DATOS DE CONTACTO DEL DPO:<br>AVDA BRASIL 17, 28020 MADRID &#8211; dpd@sonorsolucionesnormativas.es<\/li>\n\n\n\n<li>CAR\u00c1CTER OBLIGATORIO O FACULTATIVO DE LA INFORMACI\u00d3N FACILITADA POR EL USUARIO<br>Los Usuarios, mediante la marcaci\u00f3n de las casillas correspondientes y entrada de datos en los campos,<br>marcados con un asterisco (*) en el formulario de contacto o presentados en formularios de descarga,<br>aceptan expresamente y de forma libre e inequ\u00edvoca, que sus datos son necesarios para atender su<br>petici\u00f3n, por parte del prestador, siendo voluntaria la inclusi\u00f3n de datos en los campos restantes. El<br>Usuario garantiza que los datos personales facilitados al RESPONSABLE son veraces y se hace responsable<br>de comunicar cualquier modificaci\u00f3n de los mismos.<br>El RESPONSABLE informa y garantiza expresamente a los usuarios que sus datos personales no ser\u00e1n<br>cedidos en ning\u00fan caso a terceros, y que siempre que realizara alg\u00fan tipo de cesi\u00f3n de datos personales,<br>se pedir\u00e1 previamente el consentimiento expreso, informado e inequ\u00edvoco por parte los Usuarios. Todos<br>los datos solicitados a trav\u00e9s del sitio web son obligatorios, ya que son necesarios para la prestaci\u00f3n de<br>un servicio \u00f3ptimo al Usuario. En caso de que no sean facilitados todos los datos, no se garantiza que la<br>informaci\u00f3n y servicios facilitados sean completamente ajustados a sus necesidades.<\/li>\n\n\n\n<li>MEDIDAS DE SEGURIDAD<br>Que de conformidad con lo dispuesto en las normativas vigentes en protecci\u00f3n de datos personales, el<br>RESPONSABLE est\u00e1 cumpliendo con todas las disposiciones de las normativas GDPR para el tratamiento<br>de los datos personales de su responsabilidad, y manifiestamente con los principios descritos en el art\u00edculo<br>5 del GDPR, por los cuales son tratados de manera l\u00edcita, leal y transparente en relaci\u00f3n con el interesado<br>y adecuados, pertinentes y limitados a lo necesario en relaci\u00f3n con los fines para los que son tratados.<br>El RESPONSABLE garantiza que ha implementado pol\u00edticas t\u00e9cnicas y organizativas apropiadas para aplicar<br>las medidas de seguridad que establecen el GDPR con el fin de proteger los derechos y libertades de los<br>Usuarios y les ha comunicado la informaci\u00f3n adecuada para que puedan ejercerlos.<\/li>\n<\/ol>","protected":false},"excerpt":{"rendered":"","protected":false},"author":1,"featured_media":0,"parent":0,"menu_order":0,"comment_status":"closed","ping_status":"closed","template":"","meta":{"footnotes":""},"jetpack_sharing_enabled":true,"_links":{"self":[{"href":"https:\/\/ywamcanarias.org\/en\/wp-json\/wp\/v2\/pages\/514"}],"collection":[{"href":"https:\/\/ywamcanarias.org\/en\/wp-json\/wp\/v2\/pages"}],"about":[{"href":"https:\/\/ywamcanarias.org\/en\/wp-json\/wp\/v2\/types\/page"}],"author":[{"embeddable":true,"href":"https:\/\/ywamcanarias.org\/en\/wp-json\/wp\/v2\/users\/1"}],"replies":[{"embeddable":true,"href":"https:\/\/ywamcanarias.org\/en\/wp-json\/wp\/v2\/comments?post=514"}],"version-history":[{"count":1,"href":"https:\/\/ywamcanarias.org\/en\/wp-json\/wp\/v2\/pages\/514\/revisions"}],"predecessor-version":[{"id":515,"href":"https:\/\/ywamcanarias.org\/en\/wp-json\/wp\/v2\/pages\/514\/revisions\/515"}],"wp:attachment":[{"href":"https:\/\/ywamcanarias.org\/en\/wp-json\/wp\/v2\/media?parent=514"}],"curies":[{"name":"wp","href":"https:\/\/api.w.org\/{rel}","templated":true}]}}