{"id":540,"date":"2024-08-05T17:10:31","date_gmt":"2024-08-05T16:10:31","guid":{"rendered":"https:\/\/ywamcanarias.org\/?page_id=540"},"modified":"2025-08-14T15:12:05","modified_gmt":"2025-08-14T14:12:05","slug":"primer-paso","status":"publish","type":"page","link":"https:\/\/ywamcanarias.org\/en\/primer-paso\/","title":{"rendered":"First Step"},"content":{"rendered":"<p>Si est\u00e1s viendo esta p\u00e1gina, es porque est\u00e1s interesado en dar el primer paso hacia servir a Dios en Misiones con JCUM Canarias. Como puedes ver en el video a continuaci\u00f3n, Dios tiene una aventura para nosotros, \u00c9l quiere enviarnos al mundo, as\u00ed que la pregunta es: \u00ab\u00bfa&nbsp;d\u00f3nde&nbsp;ir\u00e1s&nbsp;t\u00fa?\u00bb<\/p>\n\n\n\n<figure class=\"wp-block-video\"><video controls src=\"https:\/\/ywamcanarias.org\/wp-content\/uploads\/2024\/08\/walking_english.mp4\"><\/video><\/figure>\n\n\n\n<div style=\"height:38px\" aria-hidden=\"true\" class=\"wp-block-spacer\"><\/div>\n\n\n\n<p>The first step to serving in YWAM is doing a DTS, a discipleship training school, which we will be offering here in the Canary Islands in the Spring. Come and take your first step with God here in the Canary Islands. Apply today.<\/p>\n\n\n\n<div class=\"wp-block-buttons alignwide is-content-justification-center is-layout-flex wp-container-core-buttons-layout-1 wp-block-buttons-is-layout-flex\">\n<div class=\"wp-block-button\"><a class=\"wp-block-button__link wp-element-button\" href=\"https:\/\/ywamcanarias.org\/proxima-ede\/\">More Information<\/a><\/div>\n\n\n\n<div class=\"wp-block-button\"><a class=\"wp-block-button__link wp-element-button\" href=\"https:\/\/ywamcanarias.org\/ede-interes\/\">Apply<\/a><\/div>\n<\/div>","protected":false},"excerpt":{"rendered":"<p>Si est\u00e1s viendo esta p\u00e1gina, es porque est\u00e1s interesado en dar el primer paso hacia servir a Dios en Misiones con JCUM Canarias. Como puedes &hellip;<\/p>","protected":false},"author":1,"featured_media":0,"parent":0,"menu_order":0,"comment_status":"closed","ping_status":"closed","template":"","meta":{"footnotes":""},"jetpack_sharing_enabled":true,"_links":{"self":[{"href":"https:\/\/ywamcanarias.org\/en\/wp-json\/wp\/v2\/pages\/540"}],"collection":[{"href":"https:\/\/ywamcanarias.org\/en\/wp-json\/wp\/v2\/pages"}],"about":[{"href":"https:\/\/ywamcanarias.org\/en\/wp-json\/wp\/v2\/types\/page"}],"author":[{"embeddable":true,"href":"https:\/\/ywamcanarias.org\/en\/wp-json\/wp\/v2\/users\/1"}],"replies":[{"embeddable":true,"href":"https:\/\/ywamcanarias.org\/en\/wp-json\/wp\/v2\/comments?post=540"}],"version-history":[{"count":8,"href":"https:\/\/ywamcanarias.org\/en\/wp-json\/wp\/v2\/pages\/540\/revisions"}],"predecessor-version":[{"id":626,"href":"https:\/\/ywamcanarias.org\/en\/wp-json\/wp\/v2\/pages\/540\/revisions\/626"}],"wp:attachment":[{"href":"https:\/\/ywamcanarias.org\/en\/wp-json\/wp\/v2\/media?parent=540"}],"curies":[{"name":"wp","href":"https:\/\/api.w.org\/{rel}","templated":true}]}}