{"id":561,"date":"2024-12-05T11:54:11","date_gmt":"2024-12-05T11:54:11","guid":{"rendered":"https:\/\/ywamcanarias.org\/?page_id=561"},"modified":"2025-02-04T13:06:48","modified_gmt":"2025-02-04T13:06:48","slug":"hechos-en-canarias","status":"publish","type":"page","link":"https:\/\/ywamcanarias.org\/en\/hechos-en-canarias\/","title":{"rendered":"Hechos En Canarias"},"content":{"rendered":"<h2 class=\"wp-block-heading\"><strong>Our Heart: Revival in the Canary Islands<\/strong><\/h2>\n\n\n\n<div class=\"wp-block-media-text has-media-on-the-right is-stacked-on-mobile\"><div class=\"wp-block-media-text__content\">\n<p>Hechos en Canarias is a ministry of YWAM Canarias with the goals of seeing a heart for the gospel burn in the hearts of the Canarian youth, promote church unity in the body of Christ in the Islands, and provide missions opportunities in the Canary Islands and abroad. We want to see the youth of the Islands come away with a passion to see the Islands, and the world, transformed by the love of Jesus Christ. We believe God wants to touch the nations through the Canary Islands, and so revival begins here. Hechos en Canarias offers evangelism\/missions training\/opportunities beginning in the Canary Islands, in Spain, and to the ends of the Earth.<\/p>\n<\/div><figure class=\"wp-block-media-text__media\"><img loading=\"lazy\" decoding=\"async\" width=\"768\" height=\"1024\" src=\"https:\/\/ywamcanarias.org\/wp-content\/uploads\/2024\/12\/PXL_20240717_191856112-768x1024.jpg\" alt=\"\" class=\"wp-image-568 size-full\" srcset=\"https:\/\/ywamcanarias.org\/wp-content\/uploads\/2024\/12\/PXL_20240717_191856112-768x1024.jpg 768w, https:\/\/ywamcanarias.org\/wp-content\/uploads\/2024\/12\/PXL_20240717_191856112-225x300.jpg 225w, https:\/\/ywamcanarias.org\/wp-content\/uploads\/2024\/12\/PXL_20240717_191856112-1152x1536.jpg 1152w, https:\/\/ywamcanarias.org\/wp-content\/uploads\/2024\/12\/PXL_20240717_191856112-1536x2048.jpg 1536w, https:\/\/ywamcanarias.org\/wp-content\/uploads\/2024\/12\/PXL_20240717_191856112-9x12.jpg 9w, https:\/\/ywamcanarias.org\/wp-content\/uploads\/2024\/12\/PXL_20240717_191856112-scaled.jpg 1920w\" sizes=\"(max-width: 768px) 100vw, 768px\" \/><\/figure><\/div>\n\n\n\n<h2 class=\"wp-block-heading\"><strong>What do we do?<\/strong><\/h2>\n\n\n\n<div class=\"wp-block-media-text is-stacked-on-mobile\"><figure class=\"wp-block-media-text__media\"><img loading=\"lazy\" decoding=\"async\" width=\"1024\" height=\"768\" src=\"https:\/\/ywamcanarias.org\/wp-content\/uploads\/2024\/05\/HechosEnCanarias-1024x768.jpg\" alt=\"\" class=\"wp-image-496 size-full\" srcset=\"https:\/\/ywamcanarias.org\/wp-content\/uploads\/2024\/05\/HechosEnCanarias-1024x768.jpg 1024w, https:\/\/ywamcanarias.org\/wp-content\/uploads\/2024\/05\/HechosEnCanarias-300x225.jpg 300w, https:\/\/ywamcanarias.org\/wp-content\/uploads\/2024\/05\/HechosEnCanarias-768x576.jpg 768w, https:\/\/ywamcanarias.org\/wp-content\/uploads\/2024\/05\/HechosEnCanarias-1536x1152.jpg 1536w, https:\/\/ywamcanarias.org\/wp-content\/uploads\/2024\/05\/HechosEnCanarias-2048x1536.jpg 2048w, https:\/\/ywamcanarias.org\/wp-content\/uploads\/2024\/05\/HechosEnCanarias-16x12.jpg 16w, https:\/\/ywamcanarias.org\/wp-content\/uploads\/2024\/05\/HechosEnCanarias-400x300.jpg 400w\" sizes=\"(max-width: 1024px) 100vw, 1024px\" \/><\/figure><div class=\"wp-block-media-text__content\">\n<p>Hechos en Canarias is primarily an evangelism\/missions training program, and so involves both training and going. We offer workshops and different training sessions on evangelism and missions, where we learn and grow together in how to share the gospel of Jesus Christ in different forms and methods, while remaining faithful to the core teachings which unite us in Christ. Then, we'll go out together to share and put in practice all of what we were learning. The goal is to go out together, unified in the gospel, to share creatively and boldly. To allow the gospel, the power of God for salvation, to work in the hearts of the people here in the Canary Islands. Both in those who hear and in those who share. <\/p>\n<\/div><\/div>\n\n\n\n<div style=\"height:22px\" aria-hidden=\"true\" class=\"wp-block-spacer\"><\/div>\n\n\n\n<p>Our heart is to bless the local churches of the Islands, so the trainings and outreaches are free within the Island and open to all who would like to participate. Those who would like to participate in the outreaches of another Island, as of now the trips are geared towards empowering the youth of the Islands, and so the age range would be 15 and up. The general cost of trips would be 20 euros a day for Canary Island residents, and 30 euros a day for non-residents. The cost is towards housing\/food\/travel\/evangelism resources, but does not include travel to\/from the Island. Any money that remains after an outreach is put towards a scholarship fund for Canary Island residents who would like to do a <a href=\"https:\/\/ywamcanarias.org\/ede-metamorphosis\/\">DTS<\/a> (Discipleship Training School) with YWAM. <\/p>\n\n\n\n<h2 class=\"wp-block-heading\"><strong>Get Involved<\/strong><\/h2>\n\n\n\n<div class=\"wp-block-media-text has-media-on-the-right is-stacked-on-mobile\"><div class=\"wp-block-media-text__content\">\n<p>If we want to see a movement of God we need to be prepared to move with God. While we as YWAM Canarias are currently located in Gran Canaria, the goal is to offer in all the Islands of the archipelago. To move with God as He directs the outreaches. If you are interested in training or getting involved with the outreaches, please get in contact with us. If you are a pastor and would like us to invite us to come and work alongside your church, we would love to talk with you.<\/p>\n\n\n\n<div style=\"height:43px\" aria-hidden=\"true\" class=\"wp-block-spacer\"><\/div>\n\n\n\n<div class=\"wp-block-buttons is-content-justification-center is-layout-flex wp-container-core-buttons-layout-1 wp-block-buttons-is-layout-flex\">\n<div class=\"wp-block-button is-style-outline\"><a class=\"wp-block-button__link wp-element-button\" href=\"https:\/\/ywamcanarias.org\/politica-privacidad\/\"><strong>Contact Us<\/strong><\/a><\/div>\n<\/div>\n<\/div><figure class=\"wp-block-media-text__media\"><img loading=\"lazy\" decoding=\"async\" width=\"944\" height=\"1024\" src=\"https:\/\/ywamcanarias.org\/wp-content\/uploads\/2024\/12\/PXL_20240729_105703465.MP_-scaled-e1733337053713-944x1024.jpg\" alt=\"\" class=\"wp-image-569 size-full\" srcset=\"https:\/\/ywamcanarias.org\/wp-content\/uploads\/2024\/12\/PXL_20240729_105703465.MP_-scaled-e1733337053713-944x1024.jpg 944w, https:\/\/ywamcanarias.org\/wp-content\/uploads\/2024\/12\/PXL_20240729_105703465.MP_-scaled-e1733337053713-277x300.jpg 277w, https:\/\/ywamcanarias.org\/wp-content\/uploads\/2024\/12\/PXL_20240729_105703465.MP_-scaled-e1733337053713-768x833.jpg 768w, https:\/\/ywamcanarias.org\/wp-content\/uploads\/2024\/12\/PXL_20240729_105703465.MP_-scaled-e1733337053713-1416x1536.jpg 1416w, https:\/\/ywamcanarias.org\/wp-content\/uploads\/2024\/12\/PXL_20240729_105703465.MP_-scaled-e1733337053713-1889x2048.jpg 1889w, https:\/\/ywamcanarias.org\/wp-content\/uploads\/2024\/12\/PXL_20240729_105703465.MP_-scaled-e1733337053713-11x12.jpg 11w, https:\/\/ywamcanarias.org\/wp-content\/uploads\/2024\/12\/PXL_20240729_105703465.MP_-scaled-e1733337053713.jpg 1920w\" sizes=\"(max-width: 944px) 100vw, 944px\" \/><\/figure><\/div>\n\n\n\n<h2 class=\"wp-block-heading\"><strong>Upcoming Opportunities<\/strong><\/h2>\n\n\n\n<p>Estamos muy animados de anunciar las fechas aproximadas para el a\u00f1o 2025 de <strong>Hechos en Canarias<\/strong>, \u00a1un a\u00f1o llen\u00edsimo de oportunidades para formarte y compartir el evangelio! Por ahora, solo hemos listado los meses mientras confirmamos las fechas exactas.<\/p>\n\n\n\n<p>April - Gran Canaria | May - Fuerteventura | September - La Gomera | October - La Palma | November - Lanzarote<\/p>\n\n\n\n<p>Vuelve a consultar para conocer las fechas definitivas y cont\u00e1ctanos si est\u00e1s interesado en recibir m\u00e1s informaci\u00f3n y detalles de nuestra parte.<\/p>","protected":false},"excerpt":{"rendered":"<p>Nuestro Coraz\u00f3n: Avivamiento en las Islas Canarias Hechos en Canarias es un ministerio de JCUM Canarias con los objetivos de encender un coraz\u00f3n apasionado por &hellip;<\/p>","protected":false},"author":1,"featured_media":567,"parent":0,"menu_order":0,"comment_status":"closed","ping_status":"closed","template":"","meta":{"footnotes":""},"jetpack_sharing_enabled":true,"_links":{"self":[{"href":"https:\/\/ywamcanarias.org\/en\/wp-json\/wp\/v2\/pages\/561"}],"collection":[{"href":"https:\/\/ywamcanarias.org\/en\/wp-json\/wp\/v2\/pages"}],"about":[{"href":"https:\/\/ywamcanarias.org\/en\/wp-json\/wp\/v2\/types\/page"}],"author":[{"embeddable":true,"href":"https:\/\/ywamcanarias.org\/en\/wp-json\/wp\/v2\/users\/1"}],"replies":[{"embeddable":true,"href":"https:\/\/ywamcanarias.org\/en\/wp-json\/wp\/v2\/comments?post=561"}],"version-history":[{"count":12,"href":"https:\/\/ywamcanarias.org\/en\/wp-json\/wp\/v2\/pages\/561\/revisions"}],"predecessor-version":[{"id":586,"href":"https:\/\/ywamcanarias.org\/en\/wp-json\/wp\/v2\/pages\/561\/revisions\/586"}],"wp:featuredmedia":[{"embeddable":true,"href":"https:\/\/ywamcanarias.org\/en\/wp-json\/wp\/v2\/media\/567"}],"wp:attachment":[{"href":"https:\/\/ywamcanarias.org\/en\/wp-json\/wp\/v2\/media?parent=561"}],"curies":[{"name":"wp","href":"https:\/\/api.w.org\/{rel}","templated":true}]}}