{"id":670,"date":"2026-03-09T15:57:22","date_gmt":"2026-03-09T15:57:22","guid":{"rendered":"https:\/\/ywamcanarias.org\/?page_id=670"},"modified":"2026-03-14T11:12:58","modified_gmt":"2026-03-14T11:12:58","slug":"aguas-de-reposo","status":"publish","type":"page","link":"https:\/\/ywamcanarias.org\/en\/aguas-de-reposo\/","title":{"rendered":"Aguas de Reposo"},"content":{"rendered":"<h2 class=\"wp-block-heading\"><strong>\u00bfQui\u00e9nes somos?<\/strong><\/h2>\n\n\n\n<p>El nombre Aguas de Reposo viene de Salmo 23 en la Biblia en que dice \u00abEn lugares de verdes pastos me hace descansar; junto a aguas de reposo me conduce. \u00c9l restaura mi alma;\u00bb.<br>Tal como Dios camina con nosotros queremos caminar con mujeres vulnerables mientras est\u00e1n pensando en abortar, ha abortado, o tienen hijos peque\u00f1os y ayudarlas a caminar junto a aguas de reposo que solo encontramos con el Buen Pastor Jesucristo.<\/p>\n\n\n\n<p>Ayudamos a madres vulnerables, quienes est\u00e1n pensando en abortar o a abortado antes. Si necesitas ayuda cont\u00e1ctanos!<\/p>\n\n\n\n<h2 class=\"wp-block-heading\">Recogida de Pa\u00f1ales<\/h2>\n\n\n\n<p>\u00a1Deseamos ayudar a las madres en necesidad y sabemos lo que todos los beb\u00e9s necesitan: <strong>\u00a1pa\u00f1ales<\/strong>!<\/p>\n\n\n\n<p>Si quieres ayudar con la recolecci\u00f3n de pa\u00f1ales, por favor h\u00e1znoslo saber y estaremos encantados de explicarte las formas de involucrarte.<\/p>\n\n\n\n<p>\u00a1Si quieres recibir pa\u00f1ales, av\u00edsanos tambi\u00e9n por el correo en el flyer!<\/p>\n\n\n\n<figure class=\"wp-block-image size-large\"><img loading=\"lazy\" decoding=\"async\" width=\"819\" height=\"1024\" src=\"https:\/\/ywamcanarias.org\/wp-content\/uploads\/2026\/03\/WhatsApp-Image-2026-03-12-at-12.24.15-819x1024.jpeg\" alt=\"\" class=\"wp-image-673\" srcset=\"https:\/\/ywamcanarias.org\/wp-content\/uploads\/2026\/03\/WhatsApp-Image-2026-03-12-at-12.24.15-819x1024.jpeg 819w, https:\/\/ywamcanarias.org\/wp-content\/uploads\/2026\/03\/WhatsApp-Image-2026-03-12-at-12.24.15-240x300.jpeg 240w, https:\/\/ywamcanarias.org\/wp-content\/uploads\/2026\/03\/WhatsApp-Image-2026-03-12-at-12.24.15-768x960.jpeg 768w, https:\/\/ywamcanarias.org\/wp-content\/uploads\/2026\/03\/WhatsApp-Image-2026-03-12-at-12.24.15-10x12.jpeg 10w, https:\/\/ywamcanarias.org\/wp-content\/uploads\/2026\/03\/WhatsApp-Image-2026-03-12-at-12.24.15.jpeg 1080w\" sizes=\"(max-width: 819px) 100vw, 819px\" \/><\/figure>","protected":false},"excerpt":{"rendered":"<p>\u00bfQui\u00e9nes somos? El nombre Aguas de Reposo viene de Salmo 23 en la Biblia en que dice \u00abEn lugares de verdes pastos me hace descansar; &hellip;<\/p>","protected":false},"author":1,"featured_media":0,"parent":0,"menu_order":0,"comment_status":"closed","ping_status":"closed","template":"","meta":{"footnotes":""},"jetpack_sharing_enabled":true,"_links":{"self":[{"href":"https:\/\/ywamcanarias.org\/en\/wp-json\/wp\/v2\/pages\/670"}],"collection":[{"href":"https:\/\/ywamcanarias.org\/en\/wp-json\/wp\/v2\/pages"}],"about":[{"href":"https:\/\/ywamcanarias.org\/en\/wp-json\/wp\/v2\/types\/page"}],"author":[{"embeddable":true,"href":"https:\/\/ywamcanarias.org\/en\/wp-json\/wp\/v2\/users\/1"}],"replies":[{"embeddable":true,"href":"https:\/\/ywamcanarias.org\/en\/wp-json\/wp\/v2\/comments?post=670"}],"version-history":[{"count":3,"href":"https:\/\/ywamcanarias.org\/en\/wp-json\/wp\/v2\/pages\/670\/revisions"}],"predecessor-version":[{"id":675,"href":"https:\/\/ywamcanarias.org\/en\/wp-json\/wp\/v2\/pages\/670\/revisions\/675"}],"wp:attachment":[{"href":"https:\/\/ywamcanarias.org\/en\/wp-json\/wp\/v2\/media?parent=670"}],"curies":[{"name":"wp","href":"https:\/\/api.w.org\/{rel}","templated":true}]}}